{"id":43,"date":"2013-06-24T22:10:01","date_gmt":"2013-06-24T21:10:01","guid":{"rendered":"http:\/\/blog.mowista.de\/?page_id=43"},"modified":"2013-06-25T15:56:41","modified_gmt":"2013-06-25T14:56:41","slug":"datenschutz","status":"publish","type":"page","link":"https:\/\/blog.mowista.de\/?page_id=43","title":{"rendered":"Datenschutz"},"content":{"rendered":"<p>Datenschutz<\/p>\n<p>Der Schutz Ihrer pers\u00f6nlichen Daten hat f\u00fcr uns oberste Priorit\u00e4t. Dieses Prinzip gilt f\u00fcr unser Internet-Angebot ebenso wie f\u00fcr unsere konventionellen Dienstleistungen. Daher m\u00f6chten wir Sie an dieser Stelle informieren, wie wir die Datenschutzbestimmungen in unseren Internet-Angeboten umsetzen. Weitere Informationen zu den Risiken der Internet-Nutzung und den M\u00f6glichkeiten sich zu sch\u00fctzen finden Sie im Internet unter der Adresse www.datenschutz.de.<\/p>\n<p>1. Datenschutz<br \/>\nGrunds\u00e4tzlich sind die meisten Angebote und Dienste auf unserer Webpr\u00e4senz zur anonymen Benutzung vorgesehen. Bei Ihrem Zugriff auf unsere Web-Seiten werden keine personenbezogenen Aufzeichnungen Ihrer Nutzung erzeugt, sondern lediglich anonyme Daten gespeichert.<\/p>\n<p>Anonyme Daten<br \/>\nsind Daten, \u00fcber die kein R\u00fcckschluss auf Ihre Person erfolgen kann. Die Auswertung von anonymen Daten dient beispielsweise der Analyse von Gewohnheiten unserer Nutzer, um unser Angebot nutzerfreundlicher zu gestalten sowie den W\u00fcnschen und Bed\u00fcrfnissen unserer Nutzer anzupassen (z. B. Anzahl von Seitenaufrufen, Nutzungs-Statistiken etc.)<\/p>\n<p>Pers\u00f6nliche Daten<br \/>\nPers\u00f6nliche Daten sind diejenigen Informationen, die eine Identifizierung einer Person m\u00f6glich machen. Dazu geh\u00f6ren insbesondere Name, Geburtsdatum, Adresse und Telefonnummer. Soweit Sie pers\u00f6nliche Daten innerhalb unserer Webpr\u00e4senz angeben, werden diese nur im Rahmen der von Ihnen erteilten Einwilligung und auch nur zu dem auf der jeweiligen Seite angegeben Zweck verwendet (z. B. Bestellung von Dienstleistungen etc.). Sie haben jederzeit die M\u00f6glichkeit eine erteilte Einwilligung zu widerrufen. Wir geben keinerlei personenbezogene Daten an Dritte weiter. Sofern personenbezogene Daten zur Erbringung unserer Dienste (z. B. Bestellung) erhoben werden m\u00fcssen, werden diese nach erbrachtem Dienst unverz\u00fcglich gel\u00f6scht. Wenn Sie innerhalb dieses Angebotes Seiten und Dateien abrufen und dabei aufgefordert werden, pers\u00f6nliche Daten einzugeben, so bitten wir hierbei zu beachten, dass diese Daten\u00fcbertragung \u00fcber das Internet ungesichert erfolgt und die Daten somit von Unbefugten zur Kenntnis genommen oder auch verf\u00e4lscht werden k\u00f6nnen.<\/p>\n<p>2. Umgang mit E-Mail-Adressen<br \/>\nWenn Sie uns eine E-Mail senden, verwenden wir Ihre Mail-Adresse nur f\u00fcr die Korrespondenz mit Ihnen; selbstverst\u00e4ndlich erfolgt keine Weitergabe an Dritte.<\/p>\n<p>3. Auskunftsm\u00f6glichkeit<br \/>\nFalls unsere Kanzlei Daten zu Ihrer Person gespeichert hat, k\u00f6nnen Sie auf Antrag unentgeltlich Auskunft \u00fcber die zu Ihrer Person gespeicherten Daten erhalten. Bitte informieren Sie uns, wenn wir unrichtige Daten \u00fcber Sie gespeichert haben, damit wir diese berichtigen, sperren oder l\u00f6schen k\u00f6nnen.<br \/>\nSollten Sie noch weitere Fragen zum Datenschutz haben, so wenden Sie sich bitte an fotografie@mowist.de.<\/p>\n<p>4. Cookies<br \/>\nCookies sind kleine Datenmengen, die vom Betreiber einer Web-Seite auf Ihrem Rechner gespeichert werden. F\u00fcr die Durchf\u00fchrung einiger Funktionen unserer Webpr\u00e4senz werden Daten in Cookies gespeichert. (z. B. in der Navigation oder im &#8222;gesch\u00fctzten Mandantenbereich&#8220;). Tempor\u00e4re Cookies werden beim Schlie\u00dfen des Browsers automatisch gel\u00f6scht. Sie enthalten lediglich eine Identifikations-Nummer (Session ID), die es dem Server erlaubt, die aufeinander folgenden Anfragen des Browsers demselben Benutzer zuzuordnen. Tempor\u00e4re Cookies werden von vielen Servern verwendet, sie stellen kein Sicherheitsrisiko dar.<\/p>\n<p>Anders verh\u00e4lt es sich mit permanenten Cookies, die auch von anderen Servern gelesen werden k\u00f6nnen. Unser Webangebot verwendet im \u00f6ffentlichen Bereich ausschlie\u00dflich tempor\u00e4re Cookies. Soweit Sie als Mandant unserer Kanzlei mit einer SmartCard ausgestattet wurden und im nicht \u00f6ffentlichen Bereich unserer Webpr\u00e4senz \u00fcber den &#8222;Arbeitsplatz Online&#8220; arbeiten, werden auch permanente Cookies eingesetzt, um Ihnen das Arbeiten mit der SmartCard zu erleichtern. Dabei werden allerdings keinerlei personenbezogene Daten gespeichert und ausgewertet. Bei Cookies haben Sie die Wahl, ob Sie diese zulassen m\u00f6chten. \u00c4nderungen hierzu k\u00f6nnen in Ihren Browsereinstellungen vorgenommen werden. Durch \u00c4ndern Ihrer Browser-Einstellungen (zumeist unter &#8222;Option&#8220; oder &#8222;Einstellungen&#8220; in den Men\u00fcs der Browser zu finden) haben Sie die Wahl alle Cookies zu akzeptieren, beim Setzen eines Cookies informiert zu werden oder alle Cookies abzulehnen. Wenn Sie sich entscheiden, unsere Cookies nicht anzunehmen, kann es m\u00f6glich sein, dass die Funktionalit\u00e4t auf unseren Seiten vermindert ist und manche Dienste nicht in Anspruch genommen werden k\u00f6nnen. Daf\u00fcr bitten wir Sie um Verst\u00e4ndnis.<\/p>\n<p>5. Verschl\u00fcsselung von Daten w\u00e4hrend der \u00dcbertragung<br \/>\nInformationen, die im Internet \u00fcbertragen werden, sind normalerweise unverschl\u00fcsselt. Da der Weg der Daten zwischen dem Server und dem lokalen PC nie genau vorhergesagt werden kann, k\u00f6nnen \u00fcbertragene Informationen grunds\u00e4tzlich an vielen Stellen eingesehen werden.<\/p>\n","protected":false},"excerpt":{"rendered":"<p>Datenschutz Der Schutz Ihrer pers\u00f6nlichen Daten hat f\u00fcr uns oberste Priorit\u00e4t. Dieses Prinzip gilt f\u00fcr unser Internet-Angebot ebenso wie f\u00fcr unsere konventionellen Dienstleistungen. Daher m\u00f6chten wir Sie an dieser Stelle informieren, wie wir die Datenschutzbestimmungen in unseren Internet-Angeboten umsetzen. Weitere &hellip; <a href=\"https:\/\/blog.mowista.de\/?page_id=43\">Weiterlesen <span class=\"meta-nav\">&rarr;<\/span><\/a><\/p>\n","protected":false},"author":1,"featured_media":0,"parent":0,"menu_order":0,"comment_status":"closed","ping_status":"closed","template":"","meta":{"footnotes":""},"class_list":["post-43","page","type-page","status-publish","hentry"],"_links":{"self":[{"href":"https:\/\/blog.mowista.de\/index.php?rest_route=\/wp\/v2\/pages\/43","targetHints":{"allow":["GET"]}}],"collection":[{"href":"https:\/\/blog.mowista.de\/index.php?rest_route=\/wp\/v2\/pages"}],"about":[{"href":"https:\/\/blog.mowista.de\/index.php?rest_route=\/wp\/v2\/types\/page"}],"author":[{"embeddable":true,"href":"https:\/\/blog.mowista.de\/index.php?rest_route=\/wp\/v2\/users\/1"}],"replies":[{"embeddable":true,"href":"https:\/\/blog.mowista.de\/index.php?rest_route=%2Fwp%2Fv2%2Fcomments&post=43"}],"version-history":[{"count":2,"href":"https:\/\/blog.mowista.de\/index.php?rest_route=\/wp\/v2\/pages\/43\/revisions"}],"predecessor-version":[{"id":48,"href":"https:\/\/blog.mowista.de\/index.php?rest_route=\/wp\/v2\/pages\/43\/revisions\/48"}],"wp:attachment":[{"href":"https:\/\/blog.mowista.de\/index.php?rest_route=%2Fwp%2Fv2%2Fmedia&parent=43"}],"curies":[{"name":"wp","href":"https:\/\/api.w.org\/{rel}","templated":true}]}}